{"id":15,"date":"2019-09-29T23:53:47","date_gmt":"2019-09-29T20:53:47","guid":{"rendered":"http:\/\/pirtur.com\/?page_id=15"},"modified":"2023-08-05T14:19:57","modified_gmt":"2023-08-05T11:19:57","slug":"hakkimizda","status":"publish","type":"page","link":"http:\/\/pirtur.com\/index.php\/hakkimizda\/","title":{"rendered":"Hakk\u0131m\u0131zda"},"content":{"rendered":"\t\t<div data-elementor-type=\"wp-page\" data-elementor-id=\"15\" class=\"elementor elementor-15\">\n\t\t\t\t\t\t\t\t\t<section class=\"elementor-section elementor-top-section elementor-element elementor-element-435b0724 elementor-section-boxed elementor-section-height-default elementor-section-height-default elementor-invisible\" data-id=\"435b0724\" data-element_type=\"section\" data-settings=\"{&quot;animation&quot;:&quot;zoomIn&quot;}\">\n\t\t\t\t\t\t<div class=\"elementor-container elementor-column-gap-default\">\n\t\t\t\t\t<div class=\"elementor-column elementor-col-100 elementor-top-column elementor-element elementor-element-58fcc7f\" data-id=\"58fcc7f\" data-element_type=\"column\">\n\t\t\t<div class=\"elementor-widget-wrap elementor-element-populated\">\n\t\t\t\t\t\t\t\t<div class=\"elementor-element elementor-element-31af1720 elementor-widget elementor-widget-text-editor\" data-id=\"31af1720\" data-element_type=\"widget\" data-widget_type=\"text-editor.default\">\n\t\t\t\t<div class=\"elementor-widget-container\">\n\t\t\t\t\t\t\t<p><!-- wp:paragraph --><\/p>\n<p>Firmam\u0131z 2000 y\u0131l\u0131nda hizmete ba\u015flam\u0131\u015ft\u0131r. 2007 \u2018den beri firmam\u0131z kurumsall\u0131\u011f\u0131n vermi\u015f oldu\u011fu standartlar \u00e7er\u00e7evesinde hizmet vermektedir.<\/p>\n<p><strong>Firmam\u0131z\u0131n Benimsedi\u011fi Vizyon Anlay\u0131\u015f\u0131<\/strong>;\u00a0\u00a0<\/p>\n<p>geli\u015fen global d\u00fcnyam\u0131zda en son hizmet standartlar\u0131n\u0131 takip etmek, m\u00fc\u015fterilerimiz i\u00e7in en iyisini se\u00e7ip hizmetlerimize yans\u0131\u00a0 etmeye \u00e7al\u0131\u015fmakt\u0131r.<\/p>\n<p><strong>\u0130lkemiz;<\/strong>\u00a0<\/p>\n<p>Samimi, anla\u015f\u0131l\u0131r, ciddi ve prensip sahibi niteliklere sahip firmam\u0131z\u0131n marka de\u011ferini korumak ve art\u0131rmakt\u0131r.\u00a0 Bu ilkeler do\u011frultusunda hizmetlerimizde istikrarl\u0131 bir \u00e7al\u0131\u015fma gayreti i\u00e7erisindeyiz. Belirtti\u011fimiz ilkesel durumlar\u0131m\u0131z\u0131 sadece\u00a0 yaz\u0131l\u0131 olarak de\u011fil faaliyet olaraktan yans\u0131 etmekteyiz.<\/p>\n<p><strong>Amac\u0131m\u0131z;\u00a0<\/strong><\/p>\n<p>Firmam\u0131z ilgili alanda d\u00fcnya standartlar\u0131nda hizmet vermeyi ama\u00e7 edinmi\u015ftir.<\/p>\n<p><!-- \/wp:paragraph --><\/p>\t\t\t\t\t\t<\/div>\n\t\t\t\t<\/div>\n\t\t\t\t\t<\/div>\n\t\t<\/div>\n\t\t\t\t\t\t\t<\/div>\n\t\t<\/section>\n\t\t\t\t\t\t\t<\/div>\n\t\t","protected":false},"excerpt":{"rendered":"<p>Firmam\u0131z 2000 y\u0131l\u0131nda hizmete ba\u015flam\u0131\u015ft\u0131r. 2007 \u2018den beri firmam\u0131z kurumsall\u0131\u011f\u0131n vermi\u015f oldu\u011fu standartlar \u00e7er\u00e7evesinde hizmet vermektedir. Firmam\u0131z\u0131n Benimsedi\u011fi Vizyon Anlay\u0131\u015f\u0131;\u00a0\u00a0 geli\u015fen global d\u00fcnyam\u0131zda en son hizmet standartlar\u0131n\u0131 takip etmek, m\u00fc\u015fterilerimiz i\u00e7in en iyisini se\u00e7ip hizmetlerimize yans\u0131\u00a0 etmeye \u00e7al\u0131\u015fmakt\u0131r. \u0130lkemiz;\u00a0 Samimi, anla\u015f\u0131l\u0131r, ciddi ve prensip sahibi niteliklere sahip firmam\u0131z\u0131n marka de\u011ferini korumak ve art\u0131rmakt\u0131r.\u00a0 Bu ilkeler [&hellip;]<\/p>\n","protected":false},"author":1,"featured_media":0,"parent":0,"menu_order":1,"comment_status":"closed","ping_status":"closed","template":"","meta":[],"_links":{"self":[{"href":"http:\/\/pirtur.com\/index.php\/wp-json\/wp\/v2\/pages\/15"}],"collection":[{"href":"http:\/\/pirtur.com\/index.php\/wp-json\/wp\/v2\/pages"}],"about":[{"href":"http:\/\/pirtur.com\/index.php\/wp-json\/wp\/v2\/types\/page"}],"author":[{"embeddable":true,"href":"http:\/\/pirtur.com\/index.php\/wp-json\/wp\/v2\/users\/1"}],"replies":[{"embeddable":true,"href":"http:\/\/pirtur.com\/index.php\/wp-json\/wp\/v2\/comments?post=15"}],"version-history":[{"count":9,"href":"http:\/\/pirtur.com\/index.php\/wp-json\/wp\/v2\/pages\/15\/revisions"}],"predecessor-version":[{"id":1219,"href":"http:\/\/pirtur.com\/index.php\/wp-json\/wp\/v2\/pages\/15\/revisions\/1219"}],"wp:attachment":[{"href":"http:\/\/pirtur.com\/index.php\/wp-json\/wp\/v2\/media?parent=15"}],"curies":[{"name":"wp","href":"https:\/\/api.w.org\/{rel}","templated":true}]}}