{"id":21,"date":"2019-09-29T23:55:02","date_gmt":"2019-09-29T20:55:02","guid":{"rendered":"http:\/\/pirtur.com\/?page_id=21"},"modified":"2019-10-29T22:39:48","modified_gmt":"2019-10-29T19:39:48","slug":"galeri","status":"publish","type":"page","link":"http:\/\/pirtur.com\/index.php\/galeri\/","title":{"rendered":"Galeri"},"content":{"rendered":"<div id=\"envira-gallery-wrap-183\" class=\"envira-gallery-wrap envira-gallery-theme-base envira-lightbox-theme-base\" itemscope itemtype=\"https:\/\/schema.org\/ImageGallery\"><div data-row-height=\"150\" data-gallery-theme=\"normal\" id=\"envira-gallery-183\" class=\"envira-gallery-public envira-gallery-justified-public envira-gallery-0-columns envira-clear enviratope envira-gallery-css-animations\" data-envira-columns=\"0\"><div id=\"envira-gallery-item-193\" class=\"envira-gallery-item enviratope-item envira-gallery-item-1 envira-lazy-load\" style=\"padding-left: 5px; padding-bottom: 10px; padding-right: 5px;\"  itemscope itemtype=\"https:\/\/schema.org\/ImageObject\"><div class=\"envira-gallery-item-inner\"><div class=\"envira-gallery-position-overlay  envira-gallery-top-left\"><\/div><div class=\"envira-gallery-position-overlay  envira-gallery-top-right\"><\/div><div class=\"envira-gallery-position-overlay  envira-gallery-bottom-left\"><\/div><div class=\"envira-gallery-position-overlay  envira-gallery-bottom-right\"><\/div><a href=\"http:\/\/pirtur.com\/wp-content\/uploads\/2019\/10\/Gorsel01-2.jpg\" class=\"envira-gallery-183 envira-gallery-link\" rel=\"enviragallery183\" title=\"\u00d6\u011frencilerimizi g\u00fcvenle, sevgiyle i\u00e7iniz rahat \u015fekilde ta\u015f\u0131mak bizim en temel g\u00f6revimiz.\" data-envira-caption=\"\u00d6\u011frencilerimizi g\u00fcvenle, sevgiyle i\u00e7iniz rahat \u015fekilde ta\u015f\u0131mak bizim en temel g\u00f6revimiz.\" data-envira-retina=\"\" data-thumbnail=\"\"  itemprop=\"contentUrl\"><img id=\"envira-gallery-image-193\" class=\"envira-gallery-image envira-gallery-image-1 envira-normal envira-lazy\" data-envira-index=\"1\" src=\"http:\/\/pirtur.com\/wp-content\/uploads\/2019\/10\/Gorsel01-2-640x480.jpg\" data-envira-src=\"http:\/\/pirtur.com\/wp-content\/uploads\/2019\/10\/Gorsel01-2-640x480.jpg\" data-envira-gallery-id=\"183\" data-envira-item-id=\"193\" data-envira-caption=\"\u00d6\u011frencilerimizi g\u00fcvenle, sevgiyle i\u00e7iniz rahat \u015fekilde ta\u015f\u0131mak bizim en temel g\u00f6revimiz.\" alt=\"\" title=\"\u00d6\u011frencilerimizi g\u00fcvenle, sevgiyle i\u00e7iniz rahat \u015fekilde ta\u015f\u0131mak bizim en temel g\u00f6revimiz.\"  itemprop=\"thumbnailUrl\" data-envira-srcset=\"http:\/\/pirtur.com\/wp-content\/uploads\/2019\/10\/Gorsel01-2-640x480.jpg 400w,http:\/\/pirtur.com\/wp-content\/uploads\/2019\/10\/Gorsel01-2-640x480.jpg 2x\" data-envira-width=\"300\" data-envira-height=\"169\" srcset=\"data:image\/gif;base64,R0lGODlhAQABAIAAAP\/\/\/\/\/\/\/yH5BAEKAAEALAAAAAABAAEAAAICTAEAOw==\" data-safe-src=\"data:image\/gif;base64,R0lGODlhAQABAIAAAP\/\/\/\/\/\/\/yH5BAEKAAEALAAAAAABAAEAAAICTAEAOw==\" \/><\/a><\/div><\/div><div id=\"envira-gallery-item-185\" class=\"envira-gallery-item enviratope-item envira-gallery-item-2 envira-lazy-load\" style=\"padding-left: 5px; padding-bottom: 10px; padding-right: 5px;\"  itemscope itemtype=\"https:\/\/schema.org\/ImageObject\"><div class=\"envira-gallery-item-inner\"><div class=\"envira-gallery-position-overlay  envira-gallery-top-left\"><\/div><div class=\"envira-gallery-position-overlay  envira-gallery-top-right\"><\/div><div class=\"envira-gallery-position-overlay  envira-gallery-bottom-left\"><\/div><div class=\"envira-gallery-position-overlay  envira-gallery-bottom-right\"><\/div><a href=\"http:\/\/pirtur.com\/wp-content\/uploads\/2019\/10\/Gorsel02.jpg\" class=\"envira-gallery-183 envira-gallery-link\" rel=\"enviragallery183\" title=\"\u00d6zel Tur ve Gezi Organizasyonlar\u0131\" data-envira-caption=\"\u00d6zel Tur ve Gezi Organizasyonlar\u0131\" data-envira-retina=\"\" data-thumbnail=\"\"  itemprop=\"contentUrl\"><img id=\"envira-gallery-image-185\" class=\"envira-gallery-image envira-gallery-image-2 envira-normal envira-lazy\" data-envira-index=\"2\" src=\"http:\/\/pirtur.com\/wp-content\/uploads\/2019\/10\/Gorsel02-640x480.jpg\" data-envira-src=\"http:\/\/pirtur.com\/wp-content\/uploads\/2019\/10\/Gorsel02-640x480.jpg\" data-envira-gallery-id=\"183\" data-envira-item-id=\"185\" data-envira-caption=\"\u00d6zel Tur ve Gezi Organizasyonlar\u0131\" alt=\"\" title=\"\u00d6zel Tur ve Gezi Organizasyonlar\u0131\"  itemprop=\"thumbnailUrl\" data-envira-srcset=\"http:\/\/pirtur.com\/wp-content\/uploads\/2019\/10\/Gorsel02-640x480.jpg 400w,http:\/\/pirtur.com\/wp-content\/uploads\/2019\/10\/Gorsel02-640x480.jpg 2x\" data-envira-width=\"300\" data-envira-height=\"225\" srcset=\"data:image\/gif;base64,R0lGODlhAQABAIAAAP\/\/\/\/\/\/\/yH5BAEKAAEALAAAAAABAAEAAAICTAEAOw==\" data-safe-src=\"data:image\/gif;base64,R0lGODlhAQABAIAAAP\/\/\/\/\/\/\/yH5BAEKAAEALAAAAAABAAEAAAICTAEAOw==\" \/><\/a><\/div><\/div><div id=\"envira-gallery-item-189\" class=\"envira-gallery-item enviratope-item envira-gallery-item-3 envira-lazy-load\" style=\"padding-left: 5px; padding-bottom: 10px; padding-right: 5px;\"  itemscope itemtype=\"https:\/\/schema.org\/ImageObject\"><div class=\"envira-gallery-item-inner\"><div class=\"envira-gallery-position-overlay  envira-gallery-top-left\"><\/div><div class=\"envira-gallery-position-overlay  envira-gallery-top-right\"><\/div><div class=\"envira-gallery-position-overlay  envira-gallery-bottom-left\"><\/div><div class=\"envira-gallery-position-overlay  envira-gallery-bottom-right\"><\/div><a href=\"http:\/\/pirtur.com\/wp-content\/uploads\/2019\/10\/Gorsel06.jpg\" class=\"envira-gallery-183 envira-gallery-link\" rel=\"enviragallery183\" title=\"Her mevsimde s\u0131cac\u0131k y\u00fcreklerle ta\u015f\u0131mac\u0131l\u0131k hizmetleri.\" data-envira-caption=\"Her mevsimde s\u0131cac\u0131k y\u00fcreklerle ta\u015f\u0131mac\u0131l\u0131k hizmetleri.\" data-envira-retina=\"\" data-thumbnail=\"\"  itemprop=\"contentUrl\"><img id=\"envira-gallery-image-189\" class=\"envira-gallery-image envira-gallery-image-3 envira-normal envira-lazy\" data-envira-index=\"3\" src=\"http:\/\/pirtur.com\/wp-content\/uploads\/2019\/10\/Gorsel06-640x480.jpg\" data-envira-src=\"http:\/\/pirtur.com\/wp-content\/uploads\/2019\/10\/Gorsel06-640x480.jpg\" data-envira-gallery-id=\"183\" data-envira-item-id=\"189\" data-envira-caption=\"Her mevsimde s\u0131cac\u0131k y\u00fcreklerle ta\u015f\u0131mac\u0131l\u0131k hizmetleri.\" alt=\"\" title=\"Her mevsimde s\u0131cac\u0131k y\u00fcreklerle ta\u015f\u0131mac\u0131l\u0131k hizmetleri.\"  itemprop=\"thumbnailUrl\" data-envira-srcset=\"http:\/\/pirtur.com\/wp-content\/uploads\/2019\/10\/Gorsel06-640x480.jpg 400w,http:\/\/pirtur.com\/wp-content\/uploads\/2019\/10\/Gorsel06-640x480.jpg 2x\" data-envira-width=\"220\" data-envira-height=\"300\" srcset=\"data:image\/gif;base64,R0lGODlhAQABAIAAAP\/\/\/\/\/\/\/yH5BAEKAAEALAAAAAABAAEAAAICTAEAOw==\" data-safe-src=\"data:image\/gif;base64,R0lGODlhAQABAIAAAP\/\/\/\/\/\/\/yH5BAEKAAEALAAAAAABAAEAAAICTAEAOw==\" \/><\/a><\/div><\/div><div id=\"envira-gallery-item-195\" class=\"envira-gallery-item enviratope-item envira-gallery-item-4 envira-lazy-load\" style=\"padding-left: 5px; padding-bottom: 10px; padding-right: 5px;\"  itemscope itemtype=\"https:\/\/schema.org\/ImageObject\"><div class=\"envira-gallery-item-inner\"><div class=\"envira-gallery-position-overlay  envira-gallery-top-left\"><\/div><div class=\"envira-gallery-position-overlay  envira-gallery-top-right\"><\/div><div class=\"envira-gallery-position-overlay  envira-gallery-bottom-left\"><\/div><div class=\"envira-gallery-position-overlay  envira-gallery-bottom-right\"><\/div><a href=\"http:\/\/pirtur.com\/wp-content\/uploads\/2019\/10\/Gorsel04-1.jpg\" class=\"envira-gallery-183 envira-gallery-link\" rel=\"enviragallery183\" title=\"Gorsel04\" data-envira-caption=\"Gorsel04\" data-envira-retina=\"\" data-thumbnail=\"\"  itemprop=\"contentUrl\"><img id=\"envira-gallery-image-195\" class=\"envira-gallery-image envira-gallery-image-4 envira-normal envira-lazy\" data-envira-index=\"4\" src=\"http:\/\/pirtur.com\/wp-content\/uploads\/2019\/10\/Gorsel04-1-640x480.jpg\" data-envira-src=\"http:\/\/pirtur.com\/wp-content\/uploads\/2019\/10\/Gorsel04-1-640x480.jpg\" data-envira-gallery-id=\"183\" data-envira-item-id=\"195\" data-envira-caption=\"Gorsel04\" alt=\"\" title=\"Gorsel04\"  itemprop=\"thumbnailUrl\" data-envira-srcset=\"http:\/\/pirtur.com\/wp-content\/uploads\/2019\/10\/Gorsel04-1-640x480.jpg 400w,http:\/\/pirtur.com\/wp-content\/uploads\/2019\/10\/Gorsel04-1-640x480.jpg 2x\" data-envira-width=\"300\" data-envira-height=\"169\" srcset=\"data:image\/gif;base64,R0lGODlhAQABAIAAAP\/\/\/\/\/\/\/yH5BAEKAAEALAAAAAABAAEAAAICTAEAOw==\" data-safe-src=\"data:image\/gif;base64,R0lGODlhAQABAIAAAP\/\/\/\/\/\/\/yH5BAEKAAEALAAAAAABAAEAAAICTAEAOw==\" \/><\/a><\/div><\/div><div id=\"envira-gallery-item-192\" class=\"envira-gallery-item enviratope-item envira-gallery-item-5 envira-lazy-load\" style=\"padding-left: 5px; padding-bottom: 10px; padding-right: 5px;\"  itemscope itemtype=\"https:\/\/schema.org\/ImageObject\"><div class=\"envira-gallery-item-inner\"><div class=\"envira-gallery-position-overlay  envira-gallery-top-left\"><\/div><div class=\"envira-gallery-position-overlay  envira-gallery-top-right\"><\/div><div class=\"envira-gallery-position-overlay  envira-gallery-bottom-left\"><\/div><div class=\"envira-gallery-position-overlay  envira-gallery-bottom-right\"><\/div><a href=\"http:\/\/pirtur.com\/wp-content\/uploads\/2019\/10\/Gorsel03-1.jpg\" class=\"envira-gallery-183 envira-gallery-link\" rel=\"enviragallery183\" title=\"Her mekanda g\u00f6n\u00fclleri birle\u015ftiren ta\u015f\u0131mac\u0131l\u0131k.\" data-envira-caption=\"Her mekanda g\u00f6n\u00fclleri birle\u015ftiren ta\u015f\u0131mac\u0131l\u0131k.\" data-envira-retina=\"\" data-thumbnail=\"\"  itemprop=\"contentUrl\"><img id=\"envira-gallery-image-192\" class=\"envira-gallery-image envira-gallery-image-5 envira-normal envira-lazy\" data-envira-index=\"5\" src=\"http:\/\/pirtur.com\/wp-content\/uploads\/2019\/10\/Gorsel03-1-640x480.jpg\" data-envira-src=\"http:\/\/pirtur.com\/wp-content\/uploads\/2019\/10\/Gorsel03-1-640x480.jpg\" data-envira-gallery-id=\"183\" data-envira-item-id=\"192\" data-envira-caption=\"Her mekanda g\u00f6n\u00fclleri birle\u015ftiren ta\u015f\u0131mac\u0131l\u0131k.\" alt=\"\" title=\"Her mekanda g\u00f6n\u00fclleri birle\u015ftiren ta\u015f\u0131mac\u0131l\u0131k.\"  itemprop=\"thumbnailUrl\" data-envira-srcset=\"http:\/\/pirtur.com\/wp-content\/uploads\/2019\/10\/Gorsel03-1-640x480.jpg 400w,http:\/\/pirtur.com\/wp-content\/uploads\/2019\/10\/Gorsel03-1-640x480.jpg 2x\" data-envira-width=\"300\" data-envira-height=\"169\" srcset=\"data:image\/gif;base64,R0lGODlhAQABAIAAAP\/\/\/\/\/\/\/yH5BAEKAAEALAAAAAABAAEAAAICTAEAOw==\" data-safe-src=\"data:image\/gif;base64,R0lGODlhAQABAIAAAP\/\/\/\/\/\/\/yH5BAEKAAEALAAAAAABAAEAAAICTAEAOw==\" \/><\/a><\/div><\/div><div id=\"envira-gallery-item-188\" class=\"envira-gallery-item enviratope-item envira-gallery-item-6 envira-lazy-load\" style=\"padding-left: 5px; padding-bottom: 10px; padding-right: 5px;\"  itemscope itemtype=\"https:\/\/schema.org\/ImageObject\"><div class=\"envira-gallery-item-inner\"><div class=\"envira-gallery-position-overlay  envira-gallery-top-left\"><\/div><div class=\"envira-gallery-position-overlay  envira-gallery-top-right\"><\/div><div class=\"envira-gallery-position-overlay  envira-gallery-bottom-left\"><\/div><div class=\"envira-gallery-position-overlay  envira-gallery-bottom-right\"><\/div><a href=\"http:\/\/pirtur.com\/wp-content\/uploads\/2019\/10\/Gorsel05.jpg\" class=\"envira-gallery-183 envira-gallery-link\" rel=\"enviragallery183\" title=\"Geni\u015f ara\u00e7 filomuzla daha kaliteli daha h\u0131zl\u0131 hizmet vermek amac\u0131 ile..\" data-envira-caption=\"Geni\u015f ara\u00e7 filomuzla daha kaliteli daha h\u0131zl\u0131 hizmet vermek amac\u0131 ile..\" data-envira-retina=\"\" data-thumbnail=\"\"  itemprop=\"contentUrl\"><img id=\"envira-gallery-image-188\" class=\"envira-gallery-image envira-gallery-image-6 envira-normal envira-lazy\" data-envira-index=\"6\" src=\"http:\/\/pirtur.com\/wp-content\/uploads\/2019\/10\/Gorsel05-640x480.jpg\" data-envira-src=\"http:\/\/pirtur.com\/wp-content\/uploads\/2019\/10\/Gorsel05-640x480.jpg\" data-envira-gallery-id=\"183\" data-envira-item-id=\"188\" data-envira-caption=\"Geni\u015f ara\u00e7 filomuzla daha kaliteli daha h\u0131zl\u0131 hizmet vermek amac\u0131 ile..\" alt=\"\" title=\"Geni\u015f ara\u00e7 filomuzla daha kaliteli daha h\u0131zl\u0131 hizmet vermek amac\u0131 ile..\"  itemprop=\"thumbnailUrl\" data-envira-srcset=\"http:\/\/pirtur.com\/wp-content\/uploads\/2019\/10\/Gorsel05-640x480.jpg 400w,http:\/\/pirtur.com\/wp-content\/uploads\/2019\/10\/Gorsel05-640x480.jpg 2x\" data-envira-width=\"300\" data-envira-height=\"169\" srcset=\"data:image\/gif;base64,R0lGODlhAQABAIAAAP\/\/\/\/\/\/\/yH5BAEKAAEALAAAAAABAAEAAAICTAEAOw==\" data-safe-src=\"data:image\/gif;base64,R0lGODlhAQABAIAAAP\/\/\/\/\/\/\/yH5BAEKAAEALAAAAAABAAEAAAICTAEAOw==\" \/><\/a><\/div><\/div><\/div><\/div><noscript><img src=\"http:\/\/pirtur.com\/wp-content\/uploads\/2019\/10\/Gorsel01-2.jpg\" alt=\"\" \/><img src=\"http:\/\/pirtur.com\/wp-content\/uploads\/2019\/10\/Gorsel02.jpg\" alt=\"\" \/><img src=\"http:\/\/pirtur.com\/wp-content\/uploads\/2019\/10\/Gorsel06.jpg\" alt=\"\" \/><img src=\"http:\/\/pirtur.com\/wp-content\/uploads\/2019\/10\/Gorsel04-1.jpg\" alt=\"\" \/><img src=\"http:\/\/pirtur.com\/wp-content\/uploads\/2019\/10\/Gorsel03-1.jpg\" alt=\"\" \/><img src=\"http:\/\/pirtur.com\/wp-content\/uploads\/2019\/10\/Gorsel05.jpg\" alt=\"\" \/><\/noscript>\n","protected":false},"excerpt":{"rendered":"","protected":false},"author":1,"featured_media":0,"parent":0,"menu_order":4,"comment_status":"closed","ping_status":"closed","template":"layouts\/page-fullwidth.php","meta":[],"_links":{"self":[{"href":"http:\/\/pirtur.com\/index.php\/wp-json\/wp\/v2\/pages\/21"}],"collection":[{"href":"http:\/\/pirtur.com\/index.php\/wp-json\/wp\/v2\/pages"}],"about":[{"href":"http:\/\/pirtur.com\/index.php\/wp-json\/wp\/v2\/types\/page"}],"author":[{"embeddable":true,"href":"http:\/\/pirtur.com\/index.php\/wp-json\/wp\/v2\/users\/1"}],"replies":[{"embeddable":true,"href":"http:\/\/pirtur.com\/index.php\/wp-json\/wp\/v2\/comments?post=21"}],"version-history":[{"count":5,"href":"http:\/\/pirtur.com\/index.php\/wp-json\/wp\/v2\/pages\/21\/revisions"}],"predecessor-version":[{"id":190,"href":"http:\/\/pirtur.com\/index.php\/wp-json\/wp\/v2\/pages\/21\/revisions\/190"}],"wp:attachment":[{"href":"http:\/\/pirtur.com\/index.php\/wp-json\/wp\/v2\/media?parent=21"}],"curies":[{"name":"wp","href":"https:\/\/api.w.org\/{rel}","templated":true}]}}