{"id":23,"date":"2019-09-29T23:55:12","date_gmt":"2019-09-29T20:55:12","guid":{"rendered":"http:\/\/pirtur.com\/?page_id=23"},"modified":"2019-11-10T18:54:27","modified_gmt":"2019-11-10T15:54:27","slug":"iletisim","status":"publish","type":"page","link":"http:\/\/pirtur.com\/index.php\/iletisim\/","title":{"rendered":"\u0130leti\u015fim"},"content":{"rendered":"<h2 style=\"text-align: center;\"><strong><span style=\"color: #ff6600;\">PirTur Personel ve \u00d6\u011frenci Ta\u015f\u0131mac\u0131l\u0131\u011f\u0131<\/span><\/strong><\/h2>\n<p style=\"text-align: center;\"><span style=\"font-size: 18px; color: #808080;\">Kavaklar Cd. Uzuno\u011flu \u0130\u015f Han\u0131 Kat:1 No:37 Adapazar\u0131 \/ Sakarya<\/span><br \/>\n<span style=\"font-size: 18px;\">Tel : 0264 274 69 69 Gsm: 0532 521 30 05<\/span><br \/>\n<span style=\"font-size: 18px;\">E-Mail: info@pirtur.com<\/span><\/p>\n<p style=\"text-align: center;\"><a href=\"https:\/\/www.google.com\/maps\/d\/embed?mid=1sVSDfqeABEaWZdxZtAa-vWwXuRG3efrG&amp;hl=tr\" target=\"_blank\" rel=\"noopener noreferrer\"><img decoding=\"async\" loading=\"lazy\" class=\"alignnone size-full wp-image-220\" src=\"http:\/\/pirtur.com\/wp-content\/uploads\/2019\/11\/maps_haricata_pirtur2019_baslikli02.jpg\" alt=\"\" width=\"1080\" height=\"480\" srcset=\"http:\/\/pirtur.com\/wp-content\/uploads\/2019\/11\/maps_haricata_pirtur2019_baslikli02.jpg 1080w, http:\/\/pirtur.com\/wp-content\/uploads\/2019\/11\/maps_haricata_pirtur2019_baslikli02-300x133.jpg 300w, http:\/\/pirtur.com\/wp-content\/uploads\/2019\/11\/maps_haricata_pirtur2019_baslikli02-768x341.jpg 768w, http:\/\/pirtur.com\/wp-content\/uploads\/2019\/11\/maps_haricata_pirtur2019_baslikli02-1024x455.jpg 1024w\" sizes=\"(max-width: 1080px) 100vw, 1080px\" \/><\/a><\/p>\n<h2 style=\"text-align: center;\"><span style=\"color: #ff6600;\"><strong>Bize Mesaj G\u00f6nderin;<\/strong><\/span><\/h2>\n<p style=\"text-align: center;\">\n<div class=\"wpcf7 no-js\" id=\"wpcf7-f207-o1\" lang=\"tr-TR\" dir=\"ltr\">\n<div class=\"screen-reader-response\"><p role=\"status\" aria-live=\"polite\" aria-atomic=\"true\"><\/p> <ul><\/ul><\/div>\n<form action=\"\/index.php\/wp-json\/wp\/v2\/pages\/23#wpcf7-f207-o1\" method=\"post\" class=\"wpcf7-form init\" aria-label=\"Contact form\" novalidate=\"novalidate\" data-status=\"init\">\n<div style=\"display: none;\">\n<input type=\"hidden\" name=\"_wpcf7\" value=\"207\" \/>\n<input type=\"hidden\" name=\"_wpcf7_version\" value=\"5.7.7\" \/>\n<input type=\"hidden\" name=\"_wpcf7_locale\" value=\"tr_TR\" \/>\n<input type=\"hidden\" name=\"_wpcf7_unit_tag\" value=\"wpcf7-f207-o1\" \/>\n<input type=\"hidden\" name=\"_wpcf7_container_post\" value=\"0\" \/>\n<input type=\"hidden\" name=\"_wpcf7_posted_data_hash\" value=\"\" \/>\n<input type=\"hidden\" name=\"_wpcf7_recaptcha_response\" value=\"\" \/>\n<\/div>\n<center>\n\t<p><label> Ad\u0131n\u0131z (gerekli)<br \/>\n<span class=\"wpcf7-form-control-wrap\" data-name=\"your-name\"><input size=\"40\" class=\"wpcf7-form-control wpcf7-text wpcf7-validates-as-required\" aria-required=\"true\" aria-invalid=\"false\" value=\"\" type=\"text\" name=\"your-name\" \/><\/span> <\/label>\n\t<\/p>\n\t<p><label> E-posta adresiniz (gerekli)<br \/>\n<span class=\"wpcf7-form-control-wrap\" data-name=\"your-email\"><input size=\"40\" class=\"wpcf7-form-control wpcf7-text wpcf7-email wpcf7-validates-as-required wpcf7-validates-as-email\" aria-required=\"true\" aria-invalid=\"false\" value=\"\" type=\"email\" name=\"your-email\" \/><\/span> <\/label>\n\t<\/p>\n\t<p><label> Konu<br \/>\n<span class=\"wpcf7-form-control-wrap\" data-name=\"your-subject\"><input size=\"40\" class=\"wpcf7-form-control wpcf7-text\" aria-invalid=\"false\" value=\"\" type=\"text\" name=\"your-subject\" \/><\/span> <\/label>\n\t<\/p>\n\t<p><label> \u0130letiniz<br \/>\n<span class=\"wpcf7-form-control-wrap\" data-name=\"your-message\"><textarea cols=\"40\" rows=\"10\" class=\"wpcf7-form-control wpcf7-textarea\" aria-invalid=\"false\" name=\"your-message\"><\/textarea><\/span> <\/label><br \/>\n\t<span class=\"wpcf7-form-control-wrap recaptcha\" data-name=\"recaptcha\"><span data-sitekey=\"6LdwgsUUAAAAAEpG1oY2lWchCy7YCHpzXBP5kRvN\" class=\"wpcf7-form-control g-recaptcha wpcf7-recaptcha\"><\/span>\r\n<noscript>\r\n\t<div class=\"grecaptcha-noscript\">\r\n\t\t<iframe src=\"https:\/\/www.google.com\/recaptcha\/api\/fallback?k=6LdwgsUUAAAAAEpG1oY2lWchCy7YCHpzXBP5kRvN\" frameborder=\"0\" scrolling=\"no\" width=\"310\" height=\"430\">\r\n\t\t<\/iframe>\r\n\t\t<textarea name=\"g-recaptcha-response\" rows=\"3\" cols=\"40\" placeholder=\"reCaptcha Response Here\">\r\n\t\t<\/textarea>\r\n\t<\/div>\r\n<\/noscript>\r\n<\/span><br \/>\n<input class=\"wpcf7-form-control has-spinner wpcf7-submit\" type=\"submit\" value=\"G\u00f6nder\" \/>\n\t<\/p>\n<\/center><p style=\"display: none !important;\"><label>&#916;<textarea name=\"_wpcf7_ak_hp_textarea\" cols=\"45\" rows=\"8\" maxlength=\"100\"><\/textarea><\/label><input type=\"hidden\" id=\"ak_js_1\" name=\"_wpcf7_ak_js\" value=\"191\"\/><script>document.getElementById( \"ak_js_1\" ).setAttribute( \"value\", ( new Date() ).getTime() );<\/script><\/p><div class=\"wpcf7-response-output\" aria-hidden=\"true\"><\/div>\n<\/form>\n<\/div>\n<\/p>\n","protected":false},"excerpt":{"rendered":"<p>PirTur Personel ve \u00d6\u011frenci Ta\u015f\u0131mac\u0131l\u0131\u011f\u0131 Kavaklar Cd. Uzuno\u011flu \u0130\u015f Han\u0131 Kat:1 No:37 Adapazar\u0131 \/ Sakarya Tel : 0264 274 69 69 Gsm: 0532 521 30 05 E-Mail: info@pirtur.com Bize Mesaj G\u00f6nderin;<\/p>\n","protected":false},"author":1,"featured_media":0,"parent":0,"menu_order":5,"comment_status":"closed","ping_status":"closed","template":"layouts\/page-fullwidth.php","meta":[],"_links":{"self":[{"href":"http:\/\/pirtur.com\/index.php\/wp-json\/wp\/v2\/pages\/23"}],"collection":[{"href":"http:\/\/pirtur.com\/index.php\/wp-json\/wp\/v2\/pages"}],"about":[{"href":"http:\/\/pirtur.com\/index.php\/wp-json\/wp\/v2\/types\/page"}],"author":[{"embeddable":true,"href":"http:\/\/pirtur.com\/index.php\/wp-json\/wp\/v2\/users\/1"}],"replies":[{"embeddable":true,"href":"http:\/\/pirtur.com\/index.php\/wp-json\/wp\/v2\/comments?post=23"}],"version-history":[{"count":19,"href":"http:\/\/pirtur.com\/index.php\/wp-json\/wp\/v2\/pages\/23\/revisions"}],"predecessor-version":[{"id":221,"href":"http:\/\/pirtur.com\/index.php\/wp-json\/wp\/v2\/pages\/23\/revisions\/221"}],"wp:attachment":[{"href":"http:\/\/pirtur.com\/index.php\/wp-json\/wp\/v2\/media?parent=23"}],"curies":[{"name":"wp","href":"https:\/\/api.w.org\/{rel}","templated":true}]}}